{"id":3,"date":"2022-05-27T21:50:12","date_gmt":"2022-05-27T21:50:12","guid":{"rendered":"https:\/\/asoretrepol.com\/?page_id=3"},"modified":"2023-08-14T16:39:55","modified_gmt":"2023-08-14T16:39:55","slug":"localidades-rutas","status":"publish","type":"page","link":"https:\/\/asoretrepol.com\/index.php\/localidades-rutas\/","title":{"rendered":"RUTAS | APROVECHAMIENTO LOCALIDADES"},"content":{"rendered":"\t\t<div data-elementor-type=\"wp-page\" data-elementor-id=\"3\" class=\"elementor elementor-3\">\n\t\t\t\t\t\t<section class=\"elementor-section elementor-top-section elementor-element elementor-element-4827dab elementor-section-boxed elementor-section-height-default elementor-section-height-default\" data-id=\"4827dab\" data-element_type=\"section\" data-e-type=\"section\">\n\t\t\t\t\t\t<div class=\"elementor-container elementor-column-gap-default\">\n\t\t\t\t\t<div class=\"elementor-column elementor-col-100 elementor-top-column elementor-element elementor-element-695491b\" data-id=\"695491b\" data-element_type=\"column\" data-e-type=\"column\">\n\t\t\t<div class=\"elementor-widget-wrap elementor-element-populated\">\n\t\t\t\t\t\t<div class=\"elementor-element elementor-element-2670f6e elementor-widget elementor-widget-heading\" data-id=\"2670f6e\" data-element_type=\"widget\" data-e-type=\"widget\" data-widget_type=\"heading.default\">\n\t\t\t\t<div class=\"elementor-widget-container\">\n\t\t\t\t\t<h2 class=\"elementor-heading-title elementor-size-default\">Localidades RUTAS Aprovechamiento<\/h2>\t\t\t\t<\/div>\n\t\t\t\t<\/div>\n\t\t\t\t\t<\/div>\n\t\t<\/div>\n\t\t\t\t\t<\/div>\n\t\t<\/section>\n\t\t\t\t<section class=\"elementor-section elementor-top-section elementor-element elementor-element-06cbbfa elementor-section-boxed elementor-section-height-default elementor-section-height-default\" data-id=\"06cbbfa\" data-element_type=\"section\" data-e-type=\"section\">\n\t\t\t\t\t\t<div class=\"elementor-container elementor-column-gap-default\">\n\t\t\t\t\t<div class=\"elementor-column elementor-col-100 elementor-top-column elementor-element elementor-element-b272068\" data-id=\"b272068\" data-element_type=\"column\" data-e-type=\"column\">\n\t\t\t<div class=\"elementor-widget-wrap elementor-element-populated\">\n\t\t\t\t\t\t<div class=\"elementor-element elementor-element-28207ed elementor-arrows-position-inside elementor-pagination-position-outside elementor-invisible elementor-widget elementor-widget-image-carousel\" data-id=\"28207ed\" data-element_type=\"widget\" data-e-type=\"widget\" data-settings=\"{&quot;_animation&quot;:&quot;bounceIn&quot;,&quot;slides_to_show&quot;:&quot;2&quot;,&quot;navigation&quot;:&quot;both&quot;,&quot;autoplay&quot;:&quot;yes&quot;,&quot;pause_on_hover&quot;:&quot;yes&quot;,&quot;pause_on_interaction&quot;:&quot;yes&quot;,&quot;autoplay_speed&quot;:5000,&quot;infinite&quot;:&quot;yes&quot;,&quot;speed&quot;:500}\" data-widget_type=\"image-carousel.default\">\n\t\t\t\t<div class=\"elementor-widget-container\">\n\t\t\t\t\t\t\t<div class=\"elementor-image-carousel-wrapper swiper\" role=\"region\" aria-roledescription=\"carousel\" aria-label=\"Image Carousel\" dir=\"ltr\">\n\t\t\t<div class=\"elementor-image-carousel swiper-wrapper\" aria-live=\"off\">\n\t\t\t\t\t\t\t\t<div class=\"swiper-slide\" role=\"group\" aria-roledescription=\"slide\" aria-label=\"1 of 18\"><figure class=\"swiper-slide-inner\"><img decoding=\"async\" class=\"swiper-slide-image\" src=\"https:\/\/asoretrepol.com\/wp-content\/uploads\/2023\/08\/2a6dcdd4-ac6c-414d-90db-20dd43e0a1d0-1024x739.jpg\" alt=\"BOSA\" \/><figcaption class=\"elementor-image-carousel-caption\">BOSA<\/figcaption><\/figure><\/div><div class=\"swiper-slide\" role=\"group\" aria-roledescription=\"slide\" aria-label=\"2 of 18\"><figure class=\"swiper-slide-inner\"><img decoding=\"async\" class=\"swiper-slide-image\" src=\"https:\/\/asoretrepol.com\/wp-content\/uploads\/2023\/08\/4a91e37b-adc7-4ec8-8472-82e571ff75ae-1024x568.jpg\" alt=\"ANTONIO NARI\u00d1O\" \/><figcaption class=\"elementor-image-carousel-caption\">ANTONIO NARI\u00d1O<\/figcaption><\/figure><\/div><div class=\"swiper-slide\" role=\"group\" aria-roledescription=\"slide\" aria-label=\"3 of 18\"><figure class=\"swiper-slide-inner\"><img decoding=\"async\" class=\"swiper-slide-image\" src=\"https:\/\/asoretrepol.com\/wp-content\/uploads\/2023\/08\/5fdb9e4d-85c5-4ba3-9bd4-bba77ca4a720-1024x617.jpg\" alt=\"BARRIOS UNIDOS\" \/><figcaption class=\"elementor-image-carousel-caption\">BARRIOS UNIDOS<\/figcaption><\/figure><\/div><div class=\"swiper-slide\" role=\"group\" aria-roledescription=\"slide\" aria-label=\"4 of 18\"><figure class=\"swiper-slide-inner\"><img decoding=\"async\" class=\"swiper-slide-image\" src=\"https:\/\/asoretrepol.com\/wp-content\/uploads\/2023\/08\/6db1123f-31b5-48cb-af86-88b6b3ad2f09-1024x524.jpg\" alt=\"TUNJUELITO\" \/><figcaption class=\"elementor-image-carousel-caption\">TUNJUELITO<\/figcaption><\/figure><\/div><div class=\"swiper-slide\" role=\"group\" aria-roledescription=\"slide\" aria-label=\"5 of 18\"><figure class=\"swiper-slide-inner\"><img decoding=\"async\" class=\"swiper-slide-image\" src=\"https:\/\/asoretrepol.com\/wp-content\/uploads\/2023\/08\/7d23b889-39d9-4e41-9631-960490246207-1024x709.jpg\" alt=\"LA CANDELARIA\" \/><figcaption class=\"elementor-image-carousel-caption\">LA CANDELARIA<\/figcaption><\/figure><\/div><div class=\"swiper-slide\" role=\"group\" aria-roledescription=\"slide\" aria-label=\"6 of 18\"><figure class=\"swiper-slide-inner\"><img decoding=\"async\" class=\"swiper-slide-image\" src=\"https:\/\/asoretrepol.com\/wp-content\/uploads\/2023\/08\/8ae93a3e-6f20-41ba-861f-1ab780052610-1024x854.jpg\" alt=\"SAN CRISTOBAL\" \/><figcaption class=\"elementor-image-carousel-caption\">SAN CRISTOBAL<\/figcaption><\/figure><\/div><div class=\"swiper-slide\" role=\"group\" aria-roledescription=\"slide\" aria-label=\"7 of 18\"><figure class=\"swiper-slide-inner\"><img decoding=\"async\" class=\"swiper-slide-image\" src=\"https:\/\/asoretrepol.com\/wp-content\/uploads\/2023\/08\/77dac75b-b45d-409b-826a-185906264347-1024x815.jpg\" alt=\"TEUSAQUILLO\" \/><figcaption class=\"elementor-image-carousel-caption\">TEUSAQUILLO<\/figcaption><\/figure><\/div><div class=\"swiper-slide\" role=\"group\" aria-roledescription=\"slide\" aria-label=\"8 of 18\"><figure class=\"swiper-slide-inner\"><img decoding=\"async\" class=\"swiper-slide-image\" src=\"https:\/\/asoretrepol.com\/wp-content\/uploads\/2023\/08\/618bf914-9184-4951-bb2b-22e5494e82ab-1024x742.jpg\" alt=\"SANTAFE\" \/><figcaption class=\"elementor-image-carousel-caption\">SANTAFE<\/figcaption><\/figure><\/div><div class=\"swiper-slide\" role=\"group\" aria-roledescription=\"slide\" aria-label=\"9 of 18\"><figure class=\"swiper-slide-inner\"><img decoding=\"async\" class=\"swiper-slide-image\" src=\"https:\/\/asoretrepol.com\/wp-content\/uploads\/2023\/08\/0004407b-d67c-4c8f-8653-974e9a0bc9ff-1024x683.jpg\" alt=\"KENNEDY\" \/><figcaption class=\"elementor-image-carousel-caption\">KENNEDY<\/figcaption><\/figure><\/div><div class=\"swiper-slide\" role=\"group\" aria-roledescription=\"slide\" aria-label=\"10 of 18\"><figure class=\"swiper-slide-inner\"><img decoding=\"async\" class=\"swiper-slide-image\" src=\"https:\/\/asoretrepol.com\/wp-content\/uploads\/2023\/08\/4530a028-4b8b-43f6-b7bb-3dd1c7a17ff8-1024x767.jpg\" alt=\"SUBA\" \/><figcaption class=\"elementor-image-carousel-caption\">SUBA<\/figcaption><\/figure><\/div><div class=\"swiper-slide\" role=\"group\" aria-roledescription=\"slide\" aria-label=\"11 of 18\"><figure class=\"swiper-slide-inner\"><img decoding=\"async\" class=\"swiper-slide-image\" src=\"https:\/\/asoretrepol.com\/wp-content\/uploads\/2023\/08\/5117412e-f9a3-4877-8fc8-9e2b9df9505f-1024x855.jpg\" alt=\"FONTIB\u00d3N\" \/><figcaption class=\"elementor-image-carousel-caption\">FONTIB\u00d3N<\/figcaption><\/figure><\/div><div class=\"swiper-slide\" role=\"group\" aria-roledescription=\"slide\" aria-label=\"12 of 18\"><figure class=\"swiper-slide-inner\"><img decoding=\"async\" class=\"swiper-slide-image\" src=\"https:\/\/asoretrepol.com\/wp-content\/uploads\/2023\/08\/ae1fd5d8-c1c0-4371-ad2f-06836593a63b-1024x687.jpg\" alt=\"SUMAPAZ\" \/><figcaption class=\"elementor-image-carousel-caption\">SUMAPAZ<\/figcaption><\/figure><\/div><div class=\"swiper-slide\" role=\"group\" aria-roledescription=\"slide\" aria-label=\"13 of 18\"><figure class=\"swiper-slide-inner\"><img decoding=\"async\" class=\"swiper-slide-image\" src=\"https:\/\/asoretrepol.com\/wp-content\/uploads\/2023\/08\/b0355fd7-da4c-4953-9bcb-1be2a9a9d5d5-1024x761.jpg\" alt=\"USAQUEN\" \/><figcaption class=\"elementor-image-carousel-caption\">USAQUEN<\/figcaption><\/figure><\/div><div class=\"swiper-slide\" role=\"group\" aria-roledescription=\"slide\" aria-label=\"14 of 18\"><figure class=\"swiper-slide-inner\"><img decoding=\"async\" class=\"swiper-slide-image\" src=\"https:\/\/asoretrepol.com\/wp-content\/uploads\/2023\/08\/c4f13426-0d07-4495-bda9-f65bcfe7de11-1024x690.jpg\" alt=\"USME\" \/><figcaption class=\"elementor-image-carousel-caption\">USME<\/figcaption><\/figure><\/div><div class=\"swiper-slide\" role=\"group\" aria-roledescription=\"slide\" aria-label=\"15 of 18\"><figure class=\"swiper-slide-inner\"><img decoding=\"async\" class=\"swiper-slide-image\" src=\"https:\/\/asoretrepol.com\/wp-content\/uploads\/2023\/08\/cb86819d-e845-4c9a-b1d7-ed7f25f40507-1024x612.jpg\" alt=\"RAFAEL URIBE URIBE\" \/><figcaption class=\"elementor-image-carousel-caption\">RAFAEL URIBE URIBE<\/figcaption><\/figure><\/div><div class=\"swiper-slide\" role=\"group\" aria-roledescription=\"slide\" aria-label=\"16 of 18\"><figure class=\"swiper-slide-inner\"><img decoding=\"async\" class=\"swiper-slide-image\" src=\"https:\/\/asoretrepol.com\/wp-content\/uploads\/2023\/08\/d018474f-3226-4c4a-ab12-240e4d999098-1024x863.jpg\" alt=\"CHAPINERO\" \/><figcaption class=\"elementor-image-carousel-caption\">CHAPINERO<\/figcaption><\/figure><\/div><div class=\"swiper-slide\" role=\"group\" aria-roledescription=\"slide\" aria-label=\"17 of 18\"><figure class=\"swiper-slide-inner\"><img decoding=\"async\" class=\"swiper-slide-image\" src=\"https:\/\/asoretrepol.com\/wp-content\/uploads\/2023\/08\/f92f3229-b341-4bca-879a-fb9ed5f4916c-1024x758.jpg\" alt=\"CIUDAD BOLIVAR\" \/><figcaption class=\"elementor-image-carousel-caption\">CIUDAD BOLIVAR<\/figcaption><\/figure><\/div><div class=\"swiper-slide\" role=\"group\" aria-roledescription=\"slide\" aria-label=\"18 of 18\"><figure class=\"swiper-slide-inner\"><img decoding=\"async\" class=\"swiper-slide-image\" src=\"https:\/\/asoretrepol.com\/wp-content\/uploads\/2023\/08\/fcea53bf-0f71-4a0a-b51c-87297c702f5e-1024x881.jpg\" alt=\"ENGATIV\u00c1\" \/><figcaption class=\"elementor-image-carousel-caption\">ENGATIV\u00c1<\/figcaption><\/figure><\/div>\t\t\t<\/div>\n\t\t\t\t\t\t\t\t\t\t\t\t<div class=\"elementor-swiper-button elementor-swiper-button-prev\" role=\"button\" tabindex=\"0\">\n\t\t\t\t\t\t<i aria-hidden=\"true\" class=\"eicon-chevron-left\"><\/i>\t\t\t\t\t<\/div>\n\t\t\t\t\t<div class=\"elementor-swiper-button elementor-swiper-button-next\" role=\"button\" tabindex=\"0\">\n\t\t\t\t\t\t<i aria-hidden=\"true\" class=\"eicon-chevron-right\"><\/i>\t\t\t\t\t<\/div>\n\t\t\t\t\n\t\t\t\t\t\t\t\t\t<div class=\"swiper-pagination\"><\/div>\n\t\t\t\t\t\t\t\t\t<\/div>\n\t\t\t\t\t\t<\/div>\n\t\t\t\t<\/div>\n\t\t\t\t\t<\/div>\n\t\t<\/div>\n\t\t\t\t\t<\/div>\n\t\t<\/section>\n\t\t\t\t<\/div>\n\t\t","protected":false},"excerpt":{"rendered":"<p>Localidades RUTAS Aprovechamiento BOSA ANTONIO NARI\u00d1O BARRIOS UNIDOS TUNJUELITO LA CANDELARIA SAN CRISTOBAL TEUSAQUILLO SANTAFE KENNEDY SUBA FONTIB\u00d3N SUMAPAZ USAQUEN USME RAFAEL URIBE URIBE CHAPINERO CIUDAD BOLIVAR ENGATIV\u00c1<\/p>\n","protected":false},"author":1,"featured_media":0,"parent":0,"menu_order":0,"comment_status":"closed","ping_status":"closed","template":"","meta":{"site-sidebar-layout":"default","site-content-layout":"","ast-site-content-layout":"default","site-content-style":"default","site-sidebar-style":"default","ast-global-header-display":"","ast-banner-title-visibility":"","ast-main-header-display":"","ast-hfb-above-header-display":"","ast-hfb-below-header-display":"","ast-hfb-mobile-header-display":"","site-post-title":"","ast-breadcrumbs-content":"","ast-featured-img":"","footer-sml-layout":"","theme-transparent-header-meta":"","adv-header-id-meta":"","stick-header-meta":"","header-above-stick-meta":"","header-main-stick-meta":"","header-below-stick-meta":"","astra-migrate-meta-layouts":"set","ast-page-background-enabled":"default","ast-page-background-meta":{"desktop":{"background-color":"","background-image":"","background-repeat":"repeat","background-position":"center center","background-size":"auto","background-attachment":"scroll","background-type":"","background-media":"","overlay-type":"","overlay-color":"","overlay-opacity":"","overlay-gradient":""},"tablet":{"background-color":"","background-image":"","background-repeat":"repeat","background-position":"center center","background-size":"auto","background-attachment":"scroll","background-type":"","background-media":"","overlay-type":"","overlay-color":"","overlay-opacity":"","overlay-gradient":""},"mobile":{"background-color":"","background-image":"","background-repeat":"repeat","background-position":"center center","background-size":"auto","background-attachment":"scroll","background-type":"","background-media":"","overlay-type":"","overlay-color":"","overlay-opacity":"","overlay-gradient":""}},"ast-content-background-meta":{"desktop":{"background-color":"var(--ast-global-color-5)","background-image":"","background-repeat":"repeat","background-position":"center center","background-size":"auto","background-attachment":"scroll","background-type":"","background-media":"","overlay-type":"","overlay-color":"","overlay-opacity":"","overlay-gradient":""},"tablet":{"background-color":"var(--ast-global-color-5)","background-image":"","background-repeat":"repeat","background-position":"center center","background-size":"auto","background-attachment":"scroll","background-type":"","background-media":"","overlay-type":"","overlay-color":"","overlay-opacity":"","overlay-gradient":""},"mobile":{"background-color":"var(--ast-global-color-5)","background-image":"","background-repeat":"repeat","background-position":"center center","background-size":"auto","background-attachment":"scroll","background-type":"","background-media":"","overlay-type":"","overlay-color":"","overlay-opacity":"","overlay-gradient":""}},"_joinchat":[],"footnotes":""},"class_list":["post-3","page","type-page","status-publish","hentry"],"_links":{"self":[{"href":"https:\/\/asoretrepol.com\/index.php\/wp-json\/wp\/v2\/pages\/3","targetHints":{"allow":["GET"]}}],"collection":[{"href":"https:\/\/asoretrepol.com\/index.php\/wp-json\/wp\/v2\/pages"}],"about":[{"href":"https:\/\/asoretrepol.com\/index.php\/wp-json\/wp\/v2\/types\/page"}],"author":[{"embeddable":true,"href":"https:\/\/asoretrepol.com\/index.php\/wp-json\/wp\/v2\/users\/1"}],"replies":[{"embeddable":true,"href":"https:\/\/asoretrepol.com\/index.php\/wp-json\/wp\/v2\/comments?post=3"}],"version-history":[{"count":10,"href":"https:\/\/asoretrepol.com\/index.php\/wp-json\/wp\/v2\/pages\/3\/revisions"}],"predecessor-version":[{"id":1762,"href":"https:\/\/asoretrepol.com\/index.php\/wp-json\/wp\/v2\/pages\/3\/revisions\/1762"}],"wp:attachment":[{"href":"https:\/\/asoretrepol.com\/index.php\/wp-json\/wp\/v2\/media?parent=3"}],"curies":[{"name":"wp","href":"https:\/\/api.w.org\/{rel}","templated":true}]}}